{"id":1077,"date":"2022-06-06T15:31:33","date_gmt":"2022-06-06T15:31:33","guid":{"rendered":"https:\/\/www.marsarchive.org\/site\/?page_id=1077"},"modified":"2024-10-08T11:44:03","modified_gmt":"2024-10-08T17:44:03","slug":"el-sol-de-marte","status":"publish","type":"page","link":"https:\/\/www.marsarchive.org\/site\/el-sol-de-marte\/","title":{"rendered":"El Sol de Marte"},"content":{"rendered":"[spb_boxed_content type=&#8221;coloured&#8221; box_link_target=&#8221;_self&#8221; padding_vertical=&#8221;0&#8243; padding_horizontal=&#8221;0&#8243; width=&#8221;1\/1&#8243; el_position=&#8221;first last&#8221;]\n<p>&#8220;El Sol de Marte&#8221; es un programa quincenal que se transmite en vivo a las 20 hrs (Tiempo del Centro de M\u00e9xico) a trav\u00e9s de nuestro canal de YouTube, presentado por un equipo de expertos: Juan Claudio Toledo, Astrof\u00edsico; Ra\u00fal Santos, Especialista en el espacio; y Marcela Chao, Marcian\u00f3loga. En cada episodio, analizamos las \u00faltimas noticias sobre Marte y la exploraci\u00f3n espacial, recopiladas a trav\u00e9s de nuestro archivo colaborativo en Facebook. Si te perdiste alg\u00fan episodio, puedes consultarlos en nuestra playlist.<\/p>\n<p>Estamos abiertos a tus sugerencias. \u00bfHay alg\u00fan tema en particular que te gustar\u00eda conocer m\u00e1s? Escr\u00edbenos a info@marsarchive.org y estaremos encantados de analizarlo en nuestro programa.<\/p>\n[\/spb_boxed_content] [spb_divider type=&#8221;thin&#8221; text=&#8221;Go to top&#8221; top_margin=&#8221;30px&#8221; bottom_margin=&#8221;30px&#8221; fullwidth=&#8221;no&#8221; width=&#8221;1\/1&#8243; el_position=&#8221;first last&#8221;] [spb_text_block animation=&#8221;none&#8221; animation_delay=&#8221;0&#8243; simplified_controls=&#8221;yes&#8221; custom_css_percentage=&#8221;no&#8221; padding_vertical=&#8221;0&#8243; padding_horizontal=&#8221;0&#8243; margin_vertical=&#8221;0&#8243; custom_css=&#8221;margin-top: 0px;margin-bottom: 0px;&#8221; border_size=&#8221;0&#8243; border_styling_global=&#8221;default&#8221; width=&#8221;1\/1&#8243; el_position=&#8221;first last&#8221;]\n<h2>Episodios anteriores<\/h2>\n[\/spb_text_block]\n\t\t\t<div \n\t\t\tclass=\"yotu-playlist yotuwp yotu-limit-min   yotu-thumb-169  yotu-template-grid\" \n\t\t\tdata-page=\"1\"\n\t\t\tid=\"yotuwp-6a07a11eaed51\"\n\t\t\tdata-yotu=\"modal\"\n\t\t\tdata-total=\"25\"\n\t\t\tdata-settings=\"eyJ0eXBlIjoicGxheWxpc3QiLCJpZCI6IlBMS2c0dkF1ZWxxV1AyT3JsWXQ5NzRrLVk4aWtvdFNub2oiLCJwYWdpbmF0aW9uIjoib24iLCJwYWdpdHlwZSI6InBhZ2VyIiwiY29sdW1uIjoiMiIsInBlcl9wYWdlIjoiNCIsInRlbXBsYXRlIjoiZ3JpZCIsInRpdGxlIjoib24iLCJkZXNjcmlwdGlvbiI6Im9mZiIsInRodW1icmF0aW8iOiIxNjkiLCJtZXRhIjoib2ZmIiwibWV0YV9kYXRhIjoib2ZmIiwibWV0YV9wb3NpdGlvbiI6Im9mZiIsImRhdGVfZm9ybWF0Ijoib2ZmIiwibWV0YV9hbGlnbiI6Im9mZiIsInN1YnNjcmliZSI6Im9mZiIsImR1cmF0aW9uIjoib2ZmIiwibWV0YV9pY29uIjoib2ZmIiwibmV4dHRleHQiOiIiLCJwcmV2dGV4dCI6IiIsImxvYWRtb3JldGV4dCI6IiIsInBsYXllciI6eyJtb2RlIjoicG9wdXAiLCJ3aWR0aCI6IjYwMCIsInNjcm9sbGluZyI6IjEwMCIsImF1dG9wbGF5IjowLCJjb250cm9scyI6MSwibW9kZXN0YnJhbmRpbmciOjEsImxvb3AiOjAsImF1dG9uZXh0IjowLCJzaG93aW5mbyI6MSwicmVsIjoxLCJwbGF5aW5nIjowLCJwbGF5aW5nX2Rlc2NyaXB0aW9uIjowLCJ0aHVtYm5haWxzIjowLCJjY19sb2FkX3BvbGljeSI6IjEiLCJjY19sYW5nX3ByZWYiOiIxIiwiaGwiOiIiLCJpdl9sb2FkX3BvbGljeSI6IjEiLCJhbXA7d2lkdGgiOjEwMDAsImFtcDtzY3JvbGxpbmciOjIwMCwiYW1wO3JlbCI6MH0sImxhc3RfdGFiIjoiYXBpIiwidXNlX2FzX21vZGFsIjoib2ZmIiwibW9kYWxfaWQiOiJvZmYiLCJsYXN0X3VwZGF0ZSI6IjE2ODE0MzY3MjEiLCJzdHlsaW5nIjp7InBhZ2VyX2xheW91dCI6ImRlZmF1bHQiLCJidXR0b24iOiIxIiwiYnV0dG9uX2NvbG9yIjoiIiwiYnV0dG9uX2JnX2NvbG9yIjoiIiwiYnV0dG9uX2NvbG9yX2hvdmVyIjoiIiwiYnV0dG9uX2JnX2NvbG9yX2hvdmVyIjoiIiwidmlkZW9fc3R5bGUiOiIiLCJwbGF5aWNvbl9jb2xvciI6IiIsImhvdmVyX2ljb24iOiIiLCJnYWxsZXJ5X2JnIjoiIn0sImVmZmVjdHMiOnsidmlkZW9fYm94IjoiIiwiZmxpcF9lZmZlY3QiOiIifSwiZ2FsbGVyeV9pZCI6IjZhMDdhMTFlYWVkNTEiLCJuZXh0IjoiRUFBYUhsQlVPa05CVVdsRlJGVTBUV3BKZUU5RVFrUk5SR2N5VFd0S1ExSnJTUSIsInByZXYiOiIifQ==\"\n\t\t\tdata-player=\"popup\"\n\t\t\tdata-showdesc=\"off\" >\n\t\t\t\t<div>\n\t\t\t\t\t<div class=\"yotu-pagination yotu-pager_layout-default yotu-pagination-top\">\n<a href=\"#\" class=\"yotu-pagination-prev yotu-button-prs yotu-button-prs-1\" data-page=\"prev\">Prev<\/a>\n<span class=\"yotu-pagination-current\">1<\/span> <span>of<\/span> <span class=\"yotu-pagination-total\">25<\/span>\n<a href=\"#\" class=\"yotu-pagination-next yotu-button-prs yotu-button-prs-1\" data-page=\"next\">Next<\/a>\n<\/div>\n<div class=\"yotu-videos yotu-mode-grid yotu-column-2 yotu-player-mode-popup\">\n\t<ul>\n\t\t\t\t\t<li class=\" yotu-first\">\n\t\t\t\t\t\t\t\t<a href=\"#K-1n4gqoSbA\" class=\"yotu-video\" data-videoid=\"K-1n4gqoSbA\" data-title=\"El SoldeMarte \ud83d\udd34\ud83c\udf1e noticiero del acontecer marciano y espacial. Episodio 101, 07 de abril de 2026\" title=\"El SoldeMarte \ud83d\udd34\ud83c\udf1e noticiero del acontecer marciano y espacial. Episodio 101, 07 de abril de 2026\">\n\t\t\t\t\t<div class=\"yotu-video-thumb-wrp\">\n\t\t\t\t\t\t<div>\n\t\t\t\t\t\t\t\t\t\t\t\t\t\t<img decoding=\"async\" class=\"yotu-video-thumb\" src=\"https:\/\/i.ytimg.com\/vi\/K-1n4gqoSbA\/sddefault.jpg\" alt=\"El SoldeMarte \ud83d\udd34\ud83c\udf1e noticiero del acontecer marciano y espacial. Episodio 101, 07 de abril de 2026\">\t\n\t\t\t\t\t\t\t\t\t\t\t\t\t<\/div>\n\t\t\t\t\t<\/div>\n\t\t\t\t\t\t\t\t\t\t\t<h3 class=\"yotu-video-title\">El SoldeMarte \ud83d\udd34\ud83c\udf1e noticiero del acontecer marciano y espacial. Episodio 101, 07 de abril de 2026<\/h3>\n\t\t\t\t\t\t\t\t\t\t\t\t\t\t\t\t\t\t\t<\/a>\n\t\t\t\t\t\t\t<\/li>\n\t\t\t\t\n\t\t\t\t\t\t<li class=\"\">\n\t\t\t\t\t\t\t\t<a href=\"#gQLy4NqyYr0\" class=\"yotu-video\" data-videoid=\"gQLy4NqyYr0\" data-title=\"El SoldeMarte \ud83d\udd34\ud83c\udf1e noticiero del acontecer marciano y espacial. Episodio 100, 24 de marzo de 2026\" title=\"El SoldeMarte \ud83d\udd34\ud83c\udf1e noticiero del acontecer marciano y espacial. Episodio 100, 24 de marzo de 2026\">\n\t\t\t\t\t<div class=\"yotu-video-thumb-wrp\">\n\t\t\t\t\t\t<div>\n\t\t\t\t\t\t\t\t\t\t\t\t\t\t<img decoding=\"async\" class=\"yotu-video-thumb\" src=\"https:\/\/i.ytimg.com\/vi\/gQLy4NqyYr0\/sddefault.jpg\" alt=\"El SoldeMarte \ud83d\udd34\ud83c\udf1e noticiero del acontecer marciano y espacial. Episodio 100, 24 de marzo de 2026\">\t\n\t\t\t\t\t\t\t\t\t\t\t\t\t<\/div>\n\t\t\t\t\t<\/div>\n\t\t\t\t\t\t\t\t\t\t\t<h3 class=\"yotu-video-title\">El SoldeMarte \ud83d\udd34\ud83c\udf1e noticiero del acontecer marciano y espacial. Episodio 100, 24 de marzo de 2026<\/h3>\n\t\t\t\t\t\t\t\t\t\t\t\t\t\t\t\t\t\t\t<\/a>\n\t\t\t\t\t\t\t<\/li>\n\t\t\t\t\n\t\t\t\t\t\t<li class=\"\">\n\t\t\t\t\t\t\t\t<a href=\"#vfd1jcWGCPo\" class=\"yotu-video\" data-videoid=\"vfd1jcWGCPo\" data-title=\"El SoldeMarte \ud83d\udd34\ud83c\udf1e noticiero del acontecer marciano y espacial. Episodio 99, 03 de marzo de 2026\" title=\"El SoldeMarte \ud83d\udd34\ud83c\udf1e noticiero del acontecer marciano y espacial. Episodio 99, 03 de marzo de 2026\">\n\t\t\t\t\t<div class=\"yotu-video-thumb-wrp\">\n\t\t\t\t\t\t<div>\n\t\t\t\t\t\t\t\t\t\t\t\t\t\t<img decoding=\"async\" class=\"yotu-video-thumb\" src=\"https:\/\/i.ytimg.com\/vi\/vfd1jcWGCPo\/sddefault.jpg\" alt=\"El SoldeMarte \ud83d\udd34\ud83c\udf1e noticiero del acontecer marciano y espacial. Episodio 99, 03 de marzo de 2026\">\t\n\t\t\t\t\t\t\t\t\t\t\t\t\t<\/div>\n\t\t\t\t\t<\/div>\n\t\t\t\t\t\t\t\t\t\t\t<h3 class=\"yotu-video-title\">El SoldeMarte \ud83d\udd34\ud83c\udf1e noticiero del acontecer marciano y espacial. Episodio 99, 03 de marzo de 2026<\/h3>\n\t\t\t\t\t\t\t\t\t\t\t\t\t\t\t\t\t\t\t<\/a>\n\t\t\t\t\t\t\t<\/li>\n\t\t\t\t\n\t\t\t\t\t\t<li class=\" yotu-last\">\n\t\t\t\t\t\t\t\t<a href=\"#WmljqEuQj7c\" class=\"yotu-video\" data-videoid=\"WmljqEuQj7c\" data-title=\"El SoldeMarte \ud83d\udd34\ud83c\udf1e noticiero del acontecer marciano y espacial. Episodio 98, 17 de febrero de 2026\" title=\"El SoldeMarte \ud83d\udd34\ud83c\udf1e noticiero del acontecer marciano y espacial. Episodio 98, 17 de febrero de 2026\">\n\t\t\t\t\t<div class=\"yotu-video-thumb-wrp\">\n\t\t\t\t\t\t<div>\n\t\t\t\t\t\t\t\t\t\t\t\t\t\t<img decoding=\"async\" class=\"yotu-video-thumb\" src=\"https:\/\/i.ytimg.com\/vi\/WmljqEuQj7c\/sddefault.jpg\" alt=\"El SoldeMarte \ud83d\udd34\ud83c\udf1e noticiero del acontecer marciano y espacial. Episodio 98, 17 de febrero de 2026\">\t\n\t\t\t\t\t\t\t\t\t\t\t\t\t<\/div>\n\t\t\t\t\t<\/div>\n\t\t\t\t\t\t\t\t\t\t\t<h3 class=\"yotu-video-title\">El SoldeMarte \ud83d\udd34\ud83c\udf1e noticiero del acontecer marciano y espacial. Episodio 98, 17 de febrero de 2026<\/h3>\n\t\t\t\t\t\t\t\t\t\t\t\t\t\t\t\t\t\t\t<\/a>\n\t\t\t\t\t\t\t<\/li>\n\t\t\t\t\n\t\t\t\t<\/ul>\n<\/div><div class=\"yotu-pagination yotu-pager_layout-default yotu-pagination-bottom\">\n<a href=\"#\" class=\"yotu-pagination-prev yotu-button-prs yotu-button-prs-1\" data-page=\"prev\">Prev<\/a>\n<span class=\"yotu-pagination-current\">1<\/span> <span>of<\/span> <span class=\"yotu-pagination-total\">25<\/span>\n<a href=\"#\" class=\"yotu-pagination-next yotu-button-prs yotu-button-prs-1\" data-page=\"next\">Next<\/a>\n<\/div>\n\t\t\t\t<\/div>\n\t\t\t<\/div>\n\t\t\t\n","protected":false},"excerpt":{"rendered":"<p>[spb_boxed_content type=&#8221;coloured&#8221; box_link_target=&#8221;_self&#8221; padding_vertical=&#8221;0&#8243; padding_horizontal=&#8221;0&#8243; width=&#8221;1\/1&#8243; el_position=&#8221;first last&#8221;] &#8220;El Sol de Marte&#8221; es un programa quincenal que se transmite en vivo a las 20 hrs (Tiempo del Centro de M\u00e9xico) a trav\u00e9s de nuestro canal de YouTube, presentado por un equipo de expertos: Juan Claudio Toledo, Astrof\u00edsico; Ra\u00fal Santos, Especialista en el espacio; y Marcela Chao, Marcian\u00f3loga. En cada episodio, [&hellip;]<\/p>\n","protected":false},"author":5,"featured_media":0,"parent":0,"menu_order":0,"comment_status":"closed","ping_status":"closed","template":"","meta":{"footnotes":""},"class_list":["post-1077","page","type-page","status-publish","hentry"],"_links":{"self":[{"href":"https:\/\/www.marsarchive.org\/site\/wp-json\/wp\/v2\/pages\/1077","targetHints":{"allow":["GET"]}}],"collection":[{"href":"https:\/\/www.marsarchive.org\/site\/wp-json\/wp\/v2\/pages"}],"about":[{"href":"https:\/\/www.marsarchive.org\/site\/wp-json\/wp\/v2\/types\/page"}],"author":[{"embeddable":true,"href":"https:\/\/www.marsarchive.org\/site\/wp-json\/wp\/v2\/users\/5"}],"replies":[{"embeddable":true,"href":"https:\/\/www.marsarchive.org\/site\/wp-json\/wp\/v2\/comments?post=1077"}],"version-history":[{"count":14,"href":"https:\/\/www.marsarchive.org\/site\/wp-json\/wp\/v2\/pages\/1077\/revisions"}],"predecessor-version":[{"id":1282,"href":"https:\/\/www.marsarchive.org\/site\/wp-json\/wp\/v2\/pages\/1077\/revisions\/1282"}],"wp:attachment":[{"href":"https:\/\/www.marsarchive.org\/site\/wp-json\/wp\/v2\/media?parent=1077"}],"curies":[{"name":"wp","href":"https:\/\/api.w.org\/{rel}","templated":true}]}}