{"id":1090,"date":"2022-06-06T18:01:37","date_gmt":"2022-06-06T18:01:37","guid":{"rendered":"https:\/\/www.marsarchive.org\/site\/?p=1090"},"modified":"2024-11-21T16:08:34","modified_gmt":"2024-11-21T22:08:34","slug":"calendario-marciano-35","status":"publish","type":"page","link":"https:\/\/www.marsarchive.org\/site\/calendario-marciano-35\/","title":{"rendered":"Calendario Marciano 35"},"content":{"rendered":"[spb_text_block animation=&#8221;none&#8221; animation_delay=&#8221;0&#8243; simplified_controls=&#8221;yes&#8221; custom_css_percentage=&#8221;no&#8221; padding_vertical=&#8221;0&#8243; padding_horizontal=&#8221;0&#8243; margin_vertical=&#8221;0&#8243; custom_css=&#8221;margin-top: 0px;margin-bottom: 0px;&#8221; border_size=&#8221;0&#8243; border_styling_global=&#8221;default&#8221; width=&#8221;1\/1&#8243; el_position=&#8221;first last&#8221;]\n<h2>A\u00f1o Marciano 35 (marzo 2019 \u2013\u00a0febrero 2022)<\/h2>\n[\/spb_text_block] [spb_boxed_content element_name=&#8221;Boxed Content&#8221; type=&#8221;coloured&#8221; box_link_target=&#8221;_self&#8221; padding_vertical=&#8221;0&#8243; padding_horizontal=&#8221;0&#8243; width=&#8221;1\/1&#8243; el_position=&#8221;first last&#8221;]\n<p>No existe (a\u00fan) un calendario oficial para Marte. Pero los cient\u00edficos que estudian el planeta rojo se han visto en la necesidad de escoger una convenci\u00f3n para hablar del paso del tiempo all\u00e1. En el 2000, investigadores estadounidenses definieron una cuenta de a\u00f1os marcianos que ha sido adoptada por la comunidad cient\u00edfica (Clancy et al. 2000).<\/p>\n<p>Seg\u00fan esta cuenta calend\u00e1rica, cada a\u00f1o marciano empieza con la llegada de la primavera en el hemisferio norte, y el a\u00f1o marciano 1 da inicio con la primavera marciana del a\u00f1o de 1955, espec\u00edficamente el 11 de abril de ese a\u00f1o. Esta elecci\u00f3n obedece a que durante ese primer a\u00f1o marciano ocurri\u00f3 en Marte la primera tormenta de polvo global estudiada ampliamente con observaciones telesc\u00f3picas modernas (en 1956).<\/p>\n<p>El presente calendario, creado por Marsarchive.org, retrata el A\u00f1o Marciano 35 de esta cuenta, el cual abarca de marzo de 2019 a febrero de 2021. En sus p\u00e1ginas se encuentran extraordinarias fotograf\u00edas de la superficie marciana tomadas desde la \u00f3rbita por la sonda Mars Reconnaissance Orbiter de la NASA desde 2006. Para complementar se incluyen anotaciones y explicaciones de Juan Claudio Toledo, astrof\u00edsico de la UNAM.<\/p>\n<p>Este documento es un ejercicio de conceptualizaci\u00f3n que busca contraponer una posible forma de medir el tiempo en Marte con el calendario terrestre occidental al cual estamos acostumbrados. Es a\u00fan muy pronto para saber si los primeros humanos que vivir\u00e1n en Marte usar\u00e1n un calendario dual como este, o si crear\u00e1n uno enteramente nuevo de acuerdo a preceptos pr\u00e1cticos, pol\u00edticos y filos\u00f3ficos que se gestar\u00e1n all\u00e1.<\/p>\n[\/spb_boxed_content] [spb_text_block animation=&#8221;none&#8221; animation_delay=&#8221;0&#8243; simplified_controls=&#8221;yes&#8221; custom_css_percentage=&#8221;no&#8221; padding_vertical=&#8221;0&#8243; padding_horizontal=&#8221;0&#8243; margin_vertical=&#8221;0&#8243; custom_css=&#8221;margin-top: 40px;margin-bottom: 0px;&#8221; border_size=&#8221;0&#8243; border_styling_global=&#8221;default&#8221; width=&#8221;1\/1&#8243; el_position=&#8221;first last&#8221;]\n\r\n<div \r\n    class='wp-block-pdfp-pdf-poster  alignnone'\r\n    id='pdfp-2'\r\n    data-attributes='{&quot;uniqueId&quot;:&quot;pdfp1&quot;,&quot;file&quot;:&quot;https:\\\/\\\/www.marsarchive.org\\\/site\\\/wp-content\\\/uploads\\\/2020\\\/03\\\/CALENDARIO_web.pdf&quot;,&quot;height&quot;:&quot;842px&quot;,&quot;width&quot;:&quot;100%&quot;,&quot;print&quot;:false,&quot;fullscreenButton&quot;:true,&quot;fullscreenButtonText&quot;:&quot;Ver en pantalla completa&quot;,&quot;newWindow&quot;:false,&quot;showName&quot;:false,&quot;downloadButton&quot;:false,&quot;downloadButtonText&quot;:&quot;Download File&quot;,&quot;protect&quot;:false,&quot;onlyPDF&quot;:false,&quot;defaultBrowser&quot;:false,&quot;thumbMenu&quot;:false,&quot;initialPage&quot;:&quot;1&quot;,&quot;sidebarOpen&quot;:false,&quot;lastVersion&quot;:false,&quot;hrScroll&quot;:false,&quot;alert&quot;:false,&quot;popupOptions&quot;:{&quot;enabled&quot;:false,&quot;text&quot;:&quot;Open PDF&quot;,&quot;btnStyle&quot;:{&quot;background&quot;:&quot;#1e73be&quot;,&quot;color&quot;:&quot;#fff&quot;,&quot;fontSize&quot;:&quot;rem&quot;,&quot;padding&quot;:{&quot;top&quot;:10,&quot;right&quot;:20,&quot;bottom&quot;:10,&quot;left&quot;:10}}},&quot;align&quot;:&quot;none&quot;,&quot;alignment&quot;:&quot;left&quot;,&quot;title&quot;:&quot;&quot;,&quot;titleFontSize&quot;:&quot;16px&quot;,&quot;additional&quot;:{&quot;ID&quot;:&quot;&quot;,&quot;Class&quot;:&quot;&quot;,&quot;CSS&quot;:&quot;&quot;},&quot;adobeEmbedder&quot;:false,&quot;adobeOptions&quot;:{&quot;showDownloadPDF&quot;:true,&quot;showPrintPDF&quot;:true,&quot;showAnnotationTools&quot;:true,&quot;showFullScreen&quot;:false,&quot;embedMode&quot;:&quot;SIZED_CONTAINER&quot;},&quot;popupBtnStyle&quot;:{&quot;background&quot;:&quot;#2271b1&quot;,&quot;color&quot;:&quot;#fff&quot;,&quot;padding&quot;:{&quot;top&quot;:10,&quot;right&quot;:20,&quot;bottom&quot;:10,&quot;left&quot;:10}},&quot;popupBtnText&quot;:&quot;Open Document&quot;,&quot;CSS&quot;:&quot;&quot;}'\r\n    style=\"text-align: left\"\r\n>\r\n<\/div>\n[\/spb_text_block] [spb_text_block animation=&#8221;none&#8221; animation_delay=&#8221;0&#8243; simplified_controls=&#8221;no&#8221; custom_css_percentage=&#8221;no&#8221; padding_vertical=&#8221;0&#8243; padding_horizontal=&#8221;0&#8243; margin_vertical=&#8221;0&#8243; custom_css=&#8221;margin-top: 20px;margin-bottom: 20px;&#8221; border_size=&#8221;0&#8243; border_styling_global=&#8221;default&#8221; width=&#8221;1\/1&#8243; el_position=&#8221;first last&#8221;]\n<div style=\"font-size: 22px;\"><a href=\"https:\/\/www.marsarchive.org\/site\/wp-content\/uploads\/2020\/03\/CALENDARIO_web.pdf\" download=\"\">Descargar PDF<\/a> (22 MB)<\/div>\n[\/spb_text_block] [spb_text_block animation=&#8221;none&#8221; animation_delay=&#8221;0&#8243; simplified_controls=&#8221;yes&#8221; custom_css_percentage=&#8221;no&#8221; padding_vertical=&#8221;0&#8243; padding_horizontal=&#8221;0&#8243; margin_vertical=&#8221;0&#8243; custom_css=&#8221;margin-top: 0px;margin-bottom: 0px;&#8221; border_size=&#8221;0&#8243; border_styling_global=&#8221;default&#8221; width=&#8221;1\/1&#8243; el_position=&#8221;first last&#8221;]\n<h3><a href=\"https:\/\/www.marsarchive.org\/site\/proyectos\/calendario-marciano\/\">&lt; Volver a Calendarios<\/a><\/h3>\n[\/spb_text_block]\n","protected":false},"excerpt":{"rendered":"<p>[spb_text_block animation=&#8221;none&#8221; animation_delay=&#8221;0&#8243; simplified_controls=&#8221;yes&#8221; custom_css_percentage=&#8221;no&#8221; padding_vertical=&#8221;0&#8243; padding_horizontal=&#8221;0&#8243; margin_vertical=&#8221;0&#8243; custom_css=&#8221;margin-top: 0px;margin-bottom: 0px;&#8221; border_size=&#8221;0&#8243; border_styling_global=&#8221;default&#8221; width=&#8221;1\/1&#8243; el_position=&#8221;first last&#8221;] A\u00f1o Marciano 35 (marzo 2019 \u2013\u00a0febrero 2022) [\/spb_text_block] [spb_boxed_content element_name=&#8221;Boxed Content&#8221; type=&#8221;coloured&#8221; box_link_target=&#8221;_self&#8221; padding_vertical=&#8221;0&#8243; padding_horizontal=&#8221;0&#8243; width=&#8221;1\/1&#8243; el_position=&#8221;first last&#8221;] No existe (a\u00fan) un calendario oficial para Marte. Pero los cient\u00edficos que estudian el planeta rojo se han visto en la necesidad de escoger una convenci\u00f3n [&hellip;]<\/p>\n","protected":false},"author":6,"featured_media":0,"parent":0,"menu_order":0,"comment_status":"closed","ping_status":"closed","template":"","meta":{"footnotes":""},"class_list":["post-1090","page","type-page","status-publish","hentry"],"_links":{"self":[{"href":"https:\/\/www.marsarchive.org\/site\/wp-json\/wp\/v2\/pages\/1090","targetHints":{"allow":["GET"]}}],"collection":[{"href":"https:\/\/www.marsarchive.org\/site\/wp-json\/wp\/v2\/pages"}],"about":[{"href":"https:\/\/www.marsarchive.org\/site\/wp-json\/wp\/v2\/types\/page"}],"author":[{"embeddable":true,"href":"https:\/\/www.marsarchive.org\/site\/wp-json\/wp\/v2\/users\/6"}],"replies":[{"embeddable":true,"href":"https:\/\/www.marsarchive.org\/site\/wp-json\/wp\/v2\/comments?post=1090"}],"version-history":[{"count":24,"href":"https:\/\/www.marsarchive.org\/site\/wp-json\/wp\/v2\/pages\/1090\/revisions"}],"predecessor-version":[{"id":1345,"href":"https:\/\/www.marsarchive.org\/site\/wp-json\/wp\/v2\/pages\/1090\/revisions\/1345"}],"wp:attachment":[{"href":"https:\/\/www.marsarchive.org\/site\/wp-json\/wp\/v2\/media?parent=1090"}],"curies":[{"name":"wp","href":"https:\/\/api.w.org\/{rel}","templated":true}]}}