{"id":366,"date":"2020-03-17T02:18:04","date_gmt":"2020-03-17T02:18:04","guid":{"rendered":"https:\/\/www.marsarchive.org\/site\/?p=366"},"modified":"2025-02-19T19:42:07","modified_gmt":"2025-02-20T01:42:07","slug":"calendario-marciano","status":"publish","type":"page","link":"https:\/\/www.marsarchive.org\/site\/calendario-marciano\/","title":{"rendered":"Calendario Marciano"},"content":{"rendered":"[spb_row element_name=&#8221;Row&#8221; wrap_type=&#8221;content-width&#8221; parallax_image_height=&#8221;content-height&#8221; parallax_image_movement=&#8221;fixed&#8221; parallax_image_speed=&#8221;0.5&#8243; bg_video_loop=&#8221;yes&#8221; parallax_video_height=&#8221;window-height&#8221; parallax_video_overlay=&#8221;none&#8221; row_overlay_opacity=&#8221;0&#8243; row_col_pos=&#8221;default&#8221; minimize_row=&#8221;no&#8221; width=&#8221;1\/1&#8243; el_position=&#8221;first last&#8221;] [spb_column col_sm=&#8221;6&#8243; padding_horizontal=&#8221;0&#8243; width=&#8221;1\/2&#8243; el_position=&#8221;first&#8221;] [spb_text_block animation=&#8221;none&#8221; animation_delay=&#8221;0&#8243; simplified_controls=&#8221;yes&#8221; custom_css_percentage=&#8221;no&#8221; padding_vertical=&#8221;0&#8243; padding_horizontal=&#8221;0&#8243; margin_vertical=&#8221;0&#8243; custom_css=&#8221;margin-top: 0px;margin-bottom: 0px;&#8221; border_size=&#8221;0&#8243; border_styling_global=&#8221;default&#8221; width=&#8221;1\/1&#8243; el_position=&#8221;first last&#8221;]\n<h1>Calendario Marciano<\/h1>\n[\/spb_text_block] [spb_text_block animation=&#8221;none&#8221; animation_delay=&#8221;0&#8243; simplified_controls=&#8221;yes&#8221; custom_css_percentage=&#8221;no&#8221; padding_vertical=&#8221;0&#8243; padding_horizontal=&#8221;0&#8243; margin_vertical=&#8221;0&#8243; custom_css=&#8221;margin-top: 0px;margin-bottom: 0px;&#8221; border_size=&#8221;0&#8243; border_styling_global=&#8221;default&#8221; width=&#8221;1\/1&#8243; el_position=&#8221;first last&#8221;]\n<p>La forma en la que los seres humanos medimos el paso del tiempo esta\u0301 estrechamente determinada por nuestra relacio\u0301n con los ciclos naturales observados en el planeta Tierra. El movimiento diurno y anual del Sol en el cielo asi\u0301 como las fases de la Luna han dictado la manera en que contamos los di\u0301as, meses y an\u0303os, un sistema que est\u00e1 plasmado en nuestros calendarios.<\/p>\n<p>\u00bfQue\u0301 pasara\u0301 cuando los humanos vivan en Marte, un planeta que tiene sus propios ciclos naturales distintos a los de la Tierra? Marte tiene un di\u0301a que dura 39.5 minutos ma\u0301s que el nuestro, cuenta con dos lunas pequen\u0303as, una de las cuales le da la vuelta en apenas 8 horas, y completa cada revolucio\u0301n alrededor del Sol en 687 di\u0301as terrestres o casi dos an\u0303os. \u00bfCo\u0301mo mediremos el paso del tiempo alla\u0301?<\/p>\n<p>Marsarchive.org publica un calendario cada a\u00f1o marciano (1.88 a\u00f1os terrestres).<\/p>\n[\/spb_text_block] [\/spb_column] [spb_column col_animation=&#8221;none&#8221; col_animation_delay=&#8221;0&#8243; col_bg_type=&#8221;cover&#8221; col_parallax_image_movement=&#8221;fixed&#8221; col_parallax_image_speed=&#8221;0.5&#8243; col_padding=&#8221;0&#8243; col_vertical_offset=&#8221;40&#8243; col_horizontal_offset=&#8221;0&#8243; col_custom_zindex=&#8221;0&#8243; col_sm=&#8221;6&#8243; simplified_controls=&#8221;yes&#8221; custom_css_percentage=&#8221;no&#8221; padding_vertical=&#8221;0&#8243; padding_horizontal=&#8221;0&#8243; margin_vertical=&#8221;0&#8243; custom_css=&#8221;margin-top: 0px;margin-bottom: 0px;&#8221; border_styling_global=&#8221;default&#8221; width=&#8221;1\/2&#8243; el_position=&#8221;last&#8221;] [spb_gallery gallery_id=&#8221;794&#8243; display_type=&#8221;slider&#8221; columns=&#8221;5&#8243; fullwidth=&#8221;no&#8221; gutters=&#8221;yes&#8221; image_size=&#8221;full&#8221; slider_transition=&#8221;slide&#8221; show_thumbs=&#8221;no&#8221; autoplay=&#8221;yes&#8221; show_captions=&#8221;no&#8221; enable_lightbox=&#8221;yes&#8221; width=&#8221;1\/1&#8243; el_position=&#8221;first last&#8221;] [\/spb_column] [spb_divider type=&#8221;thin&#8221; text=&#8221;Go to top&#8221; top_margin=&#8221;30px&#8221; bottom_margin=&#8221;30px&#8221; fullwidth=&#8221;no&#8221; width=&#8221;1\/1&#8243; el_position=&#8221;first last&#8221;] [spb_text_block animation=&#8221;none&#8221; animation_delay=&#8221;0&#8243; simplified_controls=&#8221;yes&#8221; custom_css_percentage=&#8221;no&#8221; padding_vertical=&#8221;0&#8243; padding_horizontal=&#8221;0&#8243; margin_vertical=&#8221;0&#8243; custom_css=&#8221;margin-top: 0px;margin-bottom: 0px;&#8221; border_size=&#8221;0&#8243; border_styling_global=&#8221;default&#8221; width=&#8221;1\/1&#8243; el_position=&#8221;first last&#8221;]\n<h2>A\u00f1o Marciano 38 (noviembre 2024 &#8211; septiembre 2026)<\/h2>\n<p>En esta edici\u00f3n del calendario se retrata el A\u00f1o Marciano 38, el cual abarca del 12 de noviembre de 2024 al 30 de septiembre de 2026. En la parte superior se muestran las fases de la Tierra vistas desde Marte. As\u00ed como desde la Tierra vemos a lo largo del mes s\u00f3lo una fracci\u00f3n de la cara iluminada de la Luna, desde Marte veremos, a lo largo de cada a\u00f1o marciano, a la Tierra s\u00f3lo parcialmente iluminada.<\/p>\n<p>En la parte inferior se encuentra nuestro tradicional calendario dual Tierra-Marte: si bien los meses y d\u00edas siguen el calendario terrestre, en paralelo se encuentra la cuenta de los soles (d\u00edas marcianos) y de las estaciones marcianas. Las anotaciones marcan eventos astron\u00f3micos relacionados con Marte, calculados por Juan Claudio Toledo, astr\u00f3nomo de la UNAM.<\/p>\n<p>Agradecemos enormemente el apoyo del <a href=\"https:\/\/csi.asu.edu\/\" target=\"_blank\" rel=\"noopener\">Center for Science and the Imagination<\/a> y de <a href=\"https:\/\/futuretense.asu.edu\/\" target=\"_blank\" rel=\"noopener\">Future Tense<\/a>, ambos de la Arizona State University, en la realizaci\u00f3n de esta edici\u00f3n del calendario, la cual es bling\u00fce para poder llegar a m\u00e1s personas.<\/p>\n[\/spb_text_block] [spb_text_block animation=&#8221;none&#8221; animation_delay=&#8221;0&#8243; simplified_controls=&#8221;yes&#8221; custom_css_percentage=&#8221;no&#8221; padding_vertical=&#8221;0&#8243; padding_horizontal=&#8221;0&#8243; margin_vertical=&#8221;0&#8243; custom_css=&#8221;margin-top: 0px;margin-bottom: 0px;&#8221; border_size=&#8221;0&#8243; border_styling_global=&#8221;default&#8221; width=&#8221;1\/1&#8243; el_position=&#8221;first last&#8221;]\n<div class=\"shortcode\">\r\n<div \r\n    class='wp-block-pdfp-pdf-poster  alignnone'\r\n    id='pdfp-2'\r\n    data-attributes='{&quot;uniqueId&quot;:&quot;pdfp1&quot;,&quot;file&quot;:&quot;https:\\\/\\\/www.marsarchive.org\\\/site\\\/wp-content\\\/uploads\\\/2019\\\/11\\\/CALENDARIO_MARCIANO_38_v2.pdf&quot;,&quot;height&quot;:&quot;842px&quot;,&quot;width&quot;:&quot;100%&quot;,&quot;print&quot;:false,&quot;fullscreenButton&quot;:true,&quot;fullscreenButtonText&quot;:&quot;Ver en pantalla completa&quot;,&quot;newWindow&quot;:false,&quot;showName&quot;:false,&quot;downloadButton&quot;:false,&quot;downloadButtonText&quot;:&quot;Download File&quot;,&quot;protect&quot;:false,&quot;onlyPDF&quot;:false,&quot;defaultBrowser&quot;:false,&quot;thumbMenu&quot;:false,&quot;initialPage&quot;:&quot;1&quot;,&quot;sidebarOpen&quot;:false,&quot;lastVersion&quot;:false,&quot;hrScroll&quot;:false,&quot;alert&quot;:false,&quot;popupOptions&quot;:{&quot;enabled&quot;:false,&quot;text&quot;:&quot;Open PDF&quot;,&quot;btnStyle&quot;:{&quot;background&quot;:&quot;#1e73be&quot;,&quot;color&quot;:&quot;#fff&quot;,&quot;fontSize&quot;:&quot;rem&quot;,&quot;padding&quot;:{&quot;top&quot;:10,&quot;right&quot;:20,&quot;bottom&quot;:10,&quot;left&quot;:10}}},&quot;align&quot;:&quot;none&quot;,&quot;alignment&quot;:&quot;left&quot;,&quot;title&quot;:&quot;&quot;,&quot;titleFontSize&quot;:&quot;16px&quot;,&quot;additional&quot;:{&quot;ID&quot;:&quot;&quot;,&quot;Class&quot;:&quot;&quot;,&quot;CSS&quot;:&quot;&quot;},&quot;adobeEmbedder&quot;:false,&quot;adobeOptions&quot;:{&quot;showDownloadPDF&quot;:true,&quot;showPrintPDF&quot;:true,&quot;showAnnotationTools&quot;:true,&quot;showFullScreen&quot;:false,&quot;embedMode&quot;:&quot;SIZED_CONTAINER&quot;},&quot;popupBtnStyle&quot;:{&quot;background&quot;:&quot;#2271b1&quot;,&quot;color&quot;:&quot;#fff&quot;,&quot;padding&quot;:{&quot;top&quot;:10,&quot;right&quot;:20,&quot;bottom&quot;:10,&quot;left&quot;:10}},&quot;popupBtnText&quot;:&quot;Open Document&quot;,&quot;CSS&quot;:&quot;&quot;}'\r\n    style=\"text-align: left\"\r\n>\r\n<\/div><\/div>\n[\/spb_text_block] [spb_text_block animation=&#8221;none&#8221; animation_delay=&#8221;0&#8243; simplified_controls=&#8221;no&#8221; custom_css_percentage=&#8221;no&#8221; padding_vertical=&#8221;0&#8243; padding_horizontal=&#8221;0&#8243; margin_vertical=&#8221;0&#8243; custom_css=&#8221;margin-top: 40px;margin-bottom: 0px;&#8221; border_size=&#8221;0&#8243; border_styling_global=&#8221;default&#8221; width=&#8221;1\/1&#8243; el_position=&#8221;first last&#8221;]\n<div style=\"font-size: 22px;\"><a href=\"https:\/\/www.marsarchive.org\/site\/wp-content\/uploads\/2019\/11\/CALENDARIO_MARCIANO_38_v2.pdf\" download=\"\">Descargar PDF<\/a> (3 MB)<\/div>\n[\/spb_text_block] [spb_divider type=&#8221;thin&#8221; text=&#8221;Go to top&#8221; top_margin=&#8221;30px&#8221; bottom_margin=&#8221;30px&#8221; fullwidth=&#8221;no&#8221; width=&#8221;1\/1&#8243; el_position=&#8221;first last&#8221;] [spb_text_block animation=&#8221;none&#8221; animation_delay=&#8221;0&#8243; simplified_controls=&#8221;yes&#8221; custom_css_percentage=&#8221;no&#8221; padding_vertical=&#8221;0&#8243; padding_horizontal=&#8221;0&#8243; margin_vertical=&#8221;0&#8243; custom_css=&#8221;margin-top: 0px;margin-bottom: 0px;&#8221; border_size=&#8221;0&#8243; border_styling_global=&#8221;default&#8221; width=&#8221;1\/1&#8243; el_position=&#8221;first last&#8221;]\n<h2>Calendarios Anteriores<\/h2>\n[\/spb_text_block] [spb_row element_name=&#8221;Row&#8221; wrap_type=&#8221;content-width&#8221; parallax_image_height=&#8221;content-height&#8221; parallax_image_movement=&#8221;fixed&#8221; parallax_image_speed=&#8221;0.5&#8243; bg_video_loop=&#8221;yes&#8221; parallax_video_height=&#8221;window-height&#8221; parallax_video_overlay=&#8221;none&#8221; row_overlay_opacity=&#8221;0&#8243; row_col_pos=&#8221;default&#8221; width=&#8221;1\/1&#8243; el_position=&#8221;first last&#8221;] [\/spb_row] [spb_column col_sm=&#8221;6&#8243; padding_horizontal=&#8221;0&#8243; width=&#8221;1\/2&#8243; el_position=&#8221;first&#8221;] [spb_text_block animation=&#8221;none&#8221; animation_delay=&#8221;0&#8243; simplified_controls=&#8221;yes&#8221; custom_css_percentage=&#8221;no&#8221; padding_vertical=&#8221;0&#8243; padding_horizontal=&#8221;0&#8243; margin_vertical=&#8221;0&#8243; custom_css=&#8221;margin-top: 0px;margin-bottom: 0px;&#8221; border_size=&#8221;0&#8243; border_styling_global=&#8221;default&#8221; width=&#8221;1\/1&#8243; el_position=&#8221;first last&#8221;]\n<h3>A\u00f1o 37 (diciembre 2022 &#8211; noviembre 2024)<\/h3>\n[\/spb_text_block] [spb_image_banner image=&#8221;1147&#8243; image_size=&#8221;full&#8221; content_pos=&#8221;left&#8221; content_textalign=&#8221;left&#8221; animation=&#8221;none&#8221; animation_delay=&#8221;200&#8243; image_link=&#8221;https:\/\/www.marsarchive.org\/site\/calendario-marciano-37&#8243; link_target=&#8221;_self&#8221; width=&#8221;1\/1&#8243; el_position=&#8221;first last&#8221;][\/spb_image_banner] [\/spb_column] [spb_column col_sm=&#8221;6&#8243; padding_horizontal=&#8221;0&#8243; width=&#8221;1\/2&#8243; el_position=&#8221;last&#8221;] [spb_text_block animation=&#8221;none&#8221; animation_delay=&#8221;0&#8243; simplified_controls=&#8221;yes&#8221; custom_css_percentage=&#8221;no&#8221; padding_vertical=&#8221;0&#8243; padding_horizontal=&#8221;0&#8243; margin_vertical=&#8221;0&#8243; custom_css=&#8221;margin-top: 0px;margin-bottom: 0px;&#8221; border_size=&#8221;0&#8243; border_styling_global=&#8221;default&#8221; width=&#8221;1\/1&#8243; el_position=&#8221;first last&#8221;]\n<h3>A\u00f1o 36 (marzo 2021 &#8211; diciembre 2022)<\/h3>\n[\/spb_text_block] [spb_image_banner image=&#8221;1145&#8243; image_size=&#8221;full&#8221; content_pos=&#8221;left&#8221; content_textalign=&#8221;left&#8221; animation=&#8221;none&#8221; animation_delay=&#8221;200&#8243; image_link=&#8221;https:\/\/www.marsarchive.org\/site\/calendario-marciano-36\/&#8221; link_target=&#8221;_self&#8221; width=&#8221;1\/1&#8243; el_position=&#8221;first last&#8221;][\/spb_image_banner] [\/spb_column] [spb_blank_spacer height=&#8221;30px&#8221; width=&#8221;1\/1&#8243; el_position=&#8221;first last&#8221;] [spb_row element_name=&#8221;Row&#8221; wrap_type=&#8221;content-width&#8221; parallax_image_height=&#8221;content-height&#8221; parallax_image_movement=&#8221;fixed&#8221; parallax_image_speed=&#8221;0.5&#8243; bg_video_loop=&#8221;yes&#8221; parallax_video_height=&#8221;window-height&#8221; parallax_video_overlay=&#8221;none&#8221; row_overlay_opacity=&#8221;0&#8243; row_col_pos=&#8221;default&#8221; width=&#8221;1\/1&#8243; el_position=&#8221;first last&#8221;] [spb_column col_sm=&#8221;6&#8243; padding_horizontal=&#8221;0&#8243; width=&#8221;1\/2&#8243; el_position=&#8221;first last&#8221;] [spb_text_block animation=&#8221;none&#8221; animation_delay=&#8221;0&#8243; simplified_controls=&#8221;yes&#8221; custom_css_percentage=&#8221;no&#8221; padding_vertical=&#8221;0&#8243; padding_horizontal=&#8221;0&#8243; margin_vertical=&#8221;0&#8243; custom_css=&#8221;margin-top: 0px;margin-bottom: 0px;&#8221; border_size=&#8221;0&#8243; border_styling_global=&#8221;default&#8221; width=&#8221;1\/1&#8243; el_position=&#8221;first last&#8221;]\n<h3>A\u00f1o 35 (marzo 2019 &#8211; febrero 2021)<\/h3>\n[\/spb_text_block] [spb_image_banner image=&#8221;796&#8243; image_size=&#8221;full&#8221; content_pos=&#8221;left&#8221; content_textalign=&#8221;left&#8221; animation=&#8221;none&#8221; animation_delay=&#8221;200&#8243; image_link=&#8221;https:\/\/www.marsarchive.org\/site\/calendario-marciano-35\/&#8221; link_target=&#8221;_self&#8221; width=&#8221;1\/1&#8243; el_position=&#8221;first last&#8221;][\/spb_image_banner] [\/spb_column] [\/spb_row]\n","protected":false},"excerpt":{"rendered":"<p>[spb_row element_name=&#8221;Row&#8221; wrap_type=&#8221;content-width&#8221; parallax_image_height=&#8221;content-height&#8221; parallax_image_movement=&#8221;fixed&#8221; parallax_image_speed=&#8221;0.5&#8243; bg_video_loop=&#8221;yes&#8221; parallax_video_height=&#8221;window-height&#8221; parallax_video_overlay=&#8221;none&#8221; row_overlay_opacity=&#8221;0&#8243; row_col_pos=&#8221;default&#8221; minimize_row=&#8221;no&#8221; width=&#8221;1\/1&#8243; el_position=&#8221;first last&#8221;] [spb_column col_sm=&#8221;6&#8243; padding_horizontal=&#8221;0&#8243; width=&#8221;1\/2&#8243; el_position=&#8221;first&#8221;] [spb_text_block animation=&#8221;none&#8221; animation_delay=&#8221;0&#8243; simplified_controls=&#8221;yes&#8221; custom_css_percentage=&#8221;no&#8221; padding_vertical=&#8221;0&#8243; padding_horizontal=&#8221;0&#8243; margin_vertical=&#8221;0&#8243; custom_css=&#8221;margin-top: 0px;margin-bottom: 0px;&#8221; border_size=&#8221;0&#8243; border_styling_global=&#8221;default&#8221; width=&#8221;1\/1&#8243; el_position=&#8221;first last&#8221;] Calendario Marciano [\/spb_text_block] [spb_text_block animation=&#8221;none&#8221; animation_delay=&#8221;0&#8243; simplified_controls=&#8221;yes&#8221; custom_css_percentage=&#8221;no&#8221; padding_vertical=&#8221;0&#8243; padding_horizontal=&#8221;0&#8243; margin_vertical=&#8221;0&#8243; custom_css=&#8221;margin-top: 0px;margin-bottom: 0px;&#8221; border_size=&#8221;0&#8243; border_styling_global=&#8221;default&#8221; width=&#8221;1\/1&#8243; el_position=&#8221;first last&#8221;] La forma en la que [&hellip;]<\/p>\n","protected":false},"author":1,"featured_media":367,"parent":0,"menu_order":0,"comment_status":"closed","ping_status":"closed","template":"","meta":{"footnotes":""},"class_list":["post-366","page","type-page","status-publish","has-post-thumbnail","hentry"],"_links":{"self":[{"href":"https:\/\/www.marsarchive.org\/site\/wp-json\/wp\/v2\/pages\/366","targetHints":{"allow":["GET"]}}],"collection":[{"href":"https:\/\/www.marsarchive.org\/site\/wp-json\/wp\/v2\/pages"}],"about":[{"href":"https:\/\/www.marsarchive.org\/site\/wp-json\/wp\/v2\/types\/page"}],"author":[{"embeddable":true,"href":"https:\/\/www.marsarchive.org\/site\/wp-json\/wp\/v2\/users\/1"}],"replies":[{"embeddable":true,"href":"https:\/\/www.marsarchive.org\/site\/wp-json\/wp\/v2\/comments?post=366"}],"version-history":[{"count":41,"href":"https:\/\/www.marsarchive.org\/site\/wp-json\/wp\/v2\/pages\/366\/revisions"}],"predecessor-version":[{"id":1357,"href":"https:\/\/www.marsarchive.org\/site\/wp-json\/wp\/v2\/pages\/366\/revisions\/1357"}],"wp:featuredmedia":[{"embeddable":true,"href":"https:\/\/www.marsarchive.org\/site\/wp-json\/wp\/v2\/media\/367"}],"wp:attachment":[{"href":"https:\/\/www.marsarchive.org\/site\/wp-json\/wp\/v2\/media?parent=366"}],"curies":[{"name":"wp","href":"https:\/\/api.w.org\/{rel}","templated":true}]}}